{"id":859,"date":"2025-07-14T13:06:05","date_gmt":"2025-07-14T13:06:05","guid":{"rendered":"https:\/\/zenoplay.com\/?page_id=859"},"modified":"2025-08-25T13:48:39","modified_gmt":"2025-08-25T13:48:39","slug":"clause-de-non-responsabilite","status":"publish","type":"page","link":"https:\/\/zenoplay.com\/fr\/clause-de-non-responsabilite\/","title":{"rendered":"Clause de non-responsabilit\u00e9"},"content":{"rendered":"<p>Zenoplay donne acc\u00e8s \u00e0 <strong>jeux en ligne gratuits par navigateur<\/strong> \u00e0 des fins de divertissement uniquement. Tous les jeux h\u00e9berg\u00e9s ou int\u00e9gr\u00e9s sur ce site web restent la propri\u00e9t\u00e9 de leurs cr\u00e9ateurs et \u00e9diteurs respectifs.<\/p>\n\n\n\n<p>Nous ne revendiquons pas la propri\u00e9t\u00e9 des jeux, logos ou marques de tiers affich\u00e9s sur ce site. Si vous \u00eates titulaire d'un droit d'auteur et que vous pensez que votre travail a \u00e9t\u00e9 utilis\u00e9 sur Zenoplay sans autorisation, veuillez nous contacter et nous prendrons les mesures qui s'imposent.<\/p>\n\n\n\n<p>Zenoplay n'est pas responsable du contenu externe, des publicit\u00e9s ou des liens qui peuvent appara\u00eetre dans les jeux ou sur les sites Web de tiers. Les visiteurs sont invit\u00e9s \u00e0 utiliser le site \u00e0 leur propre discr\u00e9tion.<\/p>\n\n\n\n<p>En utilisant Zenoplay, vous acceptez que le site web, ses propri\u00e9taires et ses affili\u00e9s ne puissent \u00eatre tenus responsables de tout probl\u00e8me, dommage ou perte r\u00e9sultant de l'utilisation de ce site ou des jeux fournis.<\/p>","protected":false},"excerpt":{"rendered":"<p>Zenoplay provides access to free online browser games for entertainment purposes only. All games hosted or embedded on this website remain the property of their respective creators and publishers. We do not claim ownership of third-party games, logos, or trademarks displayed on this site. If you are a copyright owner and believe that your work has been used on Zenoplay without authorization, please contact us, and we will take appropriate action. Zenoplay is not responsible for any external content, advertisements, or links that may appear within the games or on third-party websites. Visitors are advised to use the site at their own discretion. By using Zenoplay, you agree that the website, its owners, and affiliates cannot be held liable for any issues, damages, or losses&hellip;<\/p>\n<p class=\"excerpt-more\"><a class=\"blog-excerpt button\" href=\"https:\/\/zenoplay.com\/fr\/clause-de-non-responsabilite\/\">Read More&#8230;<\/a><\/p>","protected":false},"author":1,"featured_media":0,"parent":0,"menu_order":0,"comment_status":"closed","ping_status":"closed","template":"","meta":{"footnotes":""},"class_list":["post-859","page","type-page","status-publish","hentry"],"_links":{"self":[{"href":"https:\/\/zenoplay.com\/fr\/wp-json\/wp\/v2\/pages\/859","targetHints":{"allow":["GET"]}}],"collection":[{"href":"https:\/\/zenoplay.com\/fr\/wp-json\/wp\/v2\/pages"}],"about":[{"href":"https:\/\/zenoplay.com\/fr\/wp-json\/wp\/v2\/types\/page"}],"author":[{"embeddable":true,"href":"https:\/\/zenoplay.com\/fr\/wp-json\/wp\/v2\/users\/1"}],"replies":[{"embeddable":true,"href":"https:\/\/zenoplay.com\/fr\/wp-json\/wp\/v2\/comments?post=859"}],"version-history":[{"count":2,"href":"https:\/\/zenoplay.com\/fr\/wp-json\/wp\/v2\/pages\/859\/revisions"}],"predecessor-version":[{"id":880,"href":"https:\/\/zenoplay.com\/fr\/wp-json\/wp\/v2\/pages\/859\/revisions\/880"}],"wp:attachment":[{"href":"https:\/\/zenoplay.com\/fr\/wp-json\/wp\/v2\/media?parent=859"}],"curies":[{"name":"wp","href":"https:\/\/api.w.org\/{rel}","templated":true}]}}