{"id":859,"date":"2025-07-14T13:06:05","date_gmt":"2025-07-14T13:06:05","guid":{"rendered":"https:\/\/zenoplay.com\/?page_id=859"},"modified":"2025-08-25T13:48:39","modified_gmt":"2025-08-25T13:48:39","slug":"descargo-de-responsabilidad","status":"publish","type":"page","link":"https:\/\/zenoplay.com\/es\/descargo-de-responsabilidad\/","title":{"rendered":"Descargo de responsabilidad"},"content":{"rendered":"<p>Zenoplay proporciona acceso a <strong>juegos de navegador en l\u00ednea gratuitos<\/strong> s\u00f3lo con fines de entretenimiento. Todos los juegos alojados o incrustados en este sitio web son propiedad de sus respectivos creadores y editores.<\/p>\n\n\n\n<p>No reclamamos la propiedad de los juegos, logotipos o marcas comerciales de terceros que aparecen en este sitio. Si es usted propietario de derechos de autor y cree que su obra se ha utilizado en Zenoplay sin autorizaci\u00f3n, p\u00f3ngase en contacto con nosotros y tomaremos las medidas oportunas.<\/p>\n\n\n\n<p>Zenoplay no se hace responsable de los contenidos externos, anuncios o enlaces que puedan aparecer en los juegos o en sitios web de terceros. Se aconseja a los visitantes que utilicen el sitio a su propia discreci\u00f3n.<\/p>\n\n\n\n<p>Al utilizar Zenoplay, usted acepta que el sitio web, sus propietarios y afiliados no pueden ser considerados responsables de ning\u00fan problema, da\u00f1o o p\u00e9rdida derivados del uso de este sitio o de los juegos proporcionados.<\/p>","protected":false},"excerpt":{"rendered":"<p>Zenoplay provides access to free online browser games for entertainment purposes only. All games hosted or embedded on this website remain the property of their respective creators and publishers. We do not claim ownership of third-party games, logos, or trademarks displayed on this site. If you are a copyright owner and believe that your work has been used on Zenoplay without authorization, please contact us, and we will take appropriate action. Zenoplay is not responsible for any external content, advertisements, or links that may appear within the games or on third-party websites. Visitors are advised to use the site at their own discretion. By using Zenoplay, you agree that the website, its owners, and affiliates cannot be held liable for any issues, damages, or losses&hellip;<\/p>\n<p class=\"excerpt-more\"><a class=\"blog-excerpt button\" href=\"https:\/\/zenoplay.com\/es\/descargo-de-responsabilidad\/\">Leer m\u00e1s...<\/a><\/p>","protected":false},"author":1,"featured_media":0,"parent":0,"menu_order":0,"comment_status":"closed","ping_status":"closed","template":"","meta":{"footnotes":""},"class_list":["post-859","page","type-page","status-publish","hentry"],"_links":{"self":[{"href":"https:\/\/zenoplay.com\/es\/wp-json\/wp\/v2\/pages\/859","targetHints":{"allow":["GET"]}}],"collection":[{"href":"https:\/\/zenoplay.com\/es\/wp-json\/wp\/v2\/pages"}],"about":[{"href":"https:\/\/zenoplay.com\/es\/wp-json\/wp\/v2\/types\/page"}],"author":[{"embeddable":true,"href":"https:\/\/zenoplay.com\/es\/wp-json\/wp\/v2\/users\/1"}],"replies":[{"embeddable":true,"href":"https:\/\/zenoplay.com\/es\/wp-json\/wp\/v2\/comments?post=859"}],"version-history":[{"count":2,"href":"https:\/\/zenoplay.com\/es\/wp-json\/wp\/v2\/pages\/859\/revisions"}],"predecessor-version":[{"id":880,"href":"https:\/\/zenoplay.com\/es\/wp-json\/wp\/v2\/pages\/859\/revisions\/880"}],"wp:attachment":[{"href":"https:\/\/zenoplay.com\/es\/wp-json\/wp\/v2\/media?parent=859"}],"curies":[{"name":"wp","href":"https:\/\/api.w.org\/{rel}","templated":true}]}}